{"id":341,"date":"2021-03-06T09:18:42","date_gmt":"2021-03-06T09:18:42","guid":{"rendered":"https:\/\/lisapfister.ch\/?page_id=341"},"modified":"2025-12-02T07:13:00","modified_gmt":"2025-12-02T07:13:00","slug":"cv","status":"publish","type":"page","link":"https:\/\/lamaisonbleue.ch\/?page_id=341","title":{"rendered":"Ausstellungen"},"content":{"rendered":"<h4>Lisa Pfister Riedo &#8211; Ausstellungen und Werke<\/h4>\n<p class=\"paragraph_style\">seit 1997 regelm\u00e4ssige Einzel- oder Gemeinsschaftsausstellungen<\/p>\n<h5 class=\"paragraph_style\">Auswahl:<\/h5>\n<p>2025\u00a0 \u00a0Farbt\u00f6ne und Farbkl\u00e4nge &#8211; Teintes et tonalit\u00e9s chromatiques, <a href=\"https:\/\/galerieretofurter.ch\/\" target=\"_blank\" rel=\"noopener\">Galerie Reto Furter<\/a>, Freiburg<\/p>\n<p>2024\u00a0 \u00a0Peintures, Trait noir, Fribourg<\/p>\n<p>2023\u00a0 \u00a0Kunstausstellung, kellerpoche, Freiburg<\/p>\n<p class=\"paragraph_style\">2023\u00a0 \u00a0Kleine Farbkompositionen, Le Pavillon, HoferundHofer, Cudrefin<\/p>\n<p class=\"paragraph_style\">2021\u00a0\u00a0\u00a0 Senslerbiennale, Sensler Museum Tafers<\/p>\n<p class=\"paragraph_style\">2020\u00a0\u00a0\u00a0 Bilderbuch &#8222;<em>Wo ist Bianca?<\/em>&#8222;<\/p>\n<p class=\"paragraph_style\">2018\u00a0\u00a0\u00a0\u00a0 <em>Collection Eph\u00e9m\u00e8re<\/em>, Le Vide-Poche Marsens Gemeinschaftsausstellung<\/p>\n<p class=\"paragraph_style\">2016\u00a0\u00a0\u00a0 &#8222;<em>Bildschriften<\/em>&#8222;, Galerie R\u00fcttihubelbad<\/p>\n<p class=\"paragraph_style\">2013\u00a0\u00a0\u00a0 &#8222;<em>Duette : Duo<\/em>&#8222;, Le Pavillon, Galerie HoferundHofer, Cudrefin<\/p>\n<p>2011\u00a0\u00a0\u00a0 Ausstellung &#8222;<em>La r\u00e9sonance des cercles<\/em>&#8222;, Passage Expo HFR<\/p>\n<p>2011\u00a0\u00a0\u00a0\u00a0 Erste Senslerbiennale, Sensler Museum Tafers<\/p>\n<p class=\"paragraph_style\">2010\u00a0\u00a0\u00a0 Ausstellung \u201e<em>holz&#8230;bois<\/em>\u201c,\u00a0 Le Pavillon, HoferundHofer, Cudrefin<\/p>\n<p class=\"paragraph_style\">2010\u00a0\u00a0\u00a0 Ausstellung Galerie \u201e9a\u201c Bern<\/p>\n<p class=\"paragraph_style\">2009\u00a0\u00a0\u00a0 Ausstellung mit Madelaine Jaccard, Galerie Arte Laue<\/p>\n<p class=\"paragraph_style\">2009\u00a0\u00a0\u00a0 Ausstellung Bildungszentrum Burgb\u00fchl<\/p>\n<p class=\"paragraph_style\">2008\u00a0\u00a0\u00a0 Ausstellung &#8222;<em>Wellenfelder<\/em>&#8222;, Galerie \u00abP\u2018art terre\u00bb, Freiburg<\/p>\n<p class=\"paragraph_style\">2006\u00a0\u00a0\u00a0 Ausstellung mit Romano P. Riedo (Fotografie) \u00abGalerie Fri\u00bb, Freiburg<\/p>\n","protected":false},"excerpt":{"rendered":"<p>Lisa Pfister Riedo &#8211; Ausstellungen und Werke seit 1997 regelm\u00e4ssige Einzel- oder Gemeinsschaftsausstellungen Auswahl: 2025\u00a0 \u00a0Farbt\u00f6ne und Farbkl\u00e4nge &#8211; Teintes et tonalit\u00e9s chromatiques, Galerie Reto Furter, Freiburg 2024\u00a0 \u00a0Peintures, Trait noir, Fribourg 2023\u00a0 \u00a0Kunstausstellung, kellerpoche, Freiburg 2023\u00a0 \u00a0Kleine Farbkompositionen, Le Pavillon, HoferundHofer, Cudrefin 2021\u00a0\u00a0\u00a0 Senslerbiennale, Sensler Museum Tafers 2020\u00a0\u00a0\u00a0 Bilderbuch &#8222;Wo ist Bianca?&#8222; 2018\u00a0\u00a0\u00a0\u00a0 Collection &hellip; <\/p>\n<p class=\"link-more\"><a href=\"https:\/\/lamaisonbleue.ch\/?page_id=341\" class=\"more-link\">Mehr <span class=\"screen-reader-text\">\u00fcber &#8222;Ausstellungen&#8220; <\/span>Lesen<\/a><\/p>\n","protected":false},"author":1,"featured_media":0,"parent":0,"menu_order":0,"comment_status":"closed","ping_status":"closed","template":"","meta":{"inspiro_hide_title":false,"footnotes":""},"class_list":["post-341","page","type-page","status-publish","hentry"],"yoast_head":"<!-- This site is optimized with the Yoast SEO plugin v27.3 - https:\/\/yoast.com\/product\/yoast-seo-wordpress\/ -->\n<title>Ausstellungen - Lisa Pfister - Kunstatelier<\/title>\n<meta name=\"robots\" content=\"index, follow, max-snippet:-1, max-image-preview:large, max-video-preview:-1\" \/>\n<link rel=\"canonical\" href=\"https:\/\/lamaisonbleue.ch\/?page_id=341\" \/>\n<meta property=\"og:locale\" content=\"de_DE\" \/>\n<meta property=\"og:type\" content=\"article\" \/>\n<meta property=\"og:title\" content=\"Ausstellungen - Lisa Pfister - Kunstatelier\" \/>\n<meta property=\"og:description\" content=\"Lisa Pfister Riedo &#8211; Ausstellungen und Werke seit 1997 regelm\u00e4ssige Einzel- oder Gemeinsschaftsausstellungen Auswahl: 2025\u00a0 \u00a0Farbt\u00f6ne und Farbkl\u00e4nge &#8211; Teintes et tonalit\u00e9s chromatiques, Galerie Reto Furter, Freiburg 2024\u00a0 \u00a0Peintures, Trait noir, Fribourg 2023\u00a0 \u00a0Kunstausstellung, kellerpoche, Freiburg 2023\u00a0 \u00a0Kleine Farbkompositionen, Le Pavillon, HoferundHofer, Cudrefin 2021\u00a0\u00a0\u00a0 Senslerbiennale, Sensler Museum Tafers 2020\u00a0\u00a0\u00a0 Bilderbuch &#8222;Wo ist Bianca?&#8222; 2018\u00a0\u00a0\u00a0\u00a0 Collection &hellip; Mehr \u00fcber &quot;Ausstellungen&quot; Lesen\" \/>\n<meta property=\"og:url\" content=\"https:\/\/lamaisonbleue.ch\/?page_id=341\" \/>\n<meta property=\"og:site_name\" content=\"Lisa Pfister - Kunstatelier\" \/>\n<meta property=\"article:modified_time\" content=\"2025-12-02T07:13:00+00:00\" \/>\n<meta name=\"twitter:card\" content=\"summary_large_image\" \/>\n<meta name=\"twitter:label1\" content=\"Gesch\u00e4tzte Lesezeit\" \/>\n\t<meta name=\"twitter:data1\" content=\"1\u00a0Minute\" \/>\n<script type=\"application\/ld+json\" class=\"yoast-schema-graph\">{\"@context\":\"https:\\\/\\\/schema.org\",\"@graph\":[{\"@type\":\"WebPage\",\"@id\":\"https:\\\/\\\/lamaisonbleue.ch\\\/?page_id=341\",\"url\":\"https:\\\/\\\/lamaisonbleue.ch\\\/?page_id=341\",\"name\":\"Ausstellungen - Lisa Pfister - Kunstatelier\",\"isPartOf\":{\"@id\":\"https:\\\/\\\/lamaisonbleue.ch\\\/#website\"},\"datePublished\":\"2021-03-06T09:18:42+00:00\",\"dateModified\":\"2025-12-02T07:13:00+00:00\",\"breadcrumb\":{\"@id\":\"https:\\\/\\\/lamaisonbleue.ch\\\/?page_id=341#breadcrumb\"},\"inLanguage\":\"de\",\"potentialAction\":[{\"@type\":\"ReadAction\",\"target\":[\"https:\\\/\\\/lamaisonbleue.ch\\\/?page_id=341\"]}]},{\"@type\":\"BreadcrumbList\",\"@id\":\"https:\\\/\\\/lamaisonbleue.ch\\\/?page_id=341#breadcrumb\",\"itemListElement\":[{\"@type\":\"ListItem\",\"position\":1,\"name\":\"Startseite\",\"item\":\"https:\\\/\\\/lamaisonbleue.ch\\\/\"},{\"@type\":\"ListItem\",\"position\":2,\"name\":\"Ausstellungen\"}]},{\"@type\":\"WebSite\",\"@id\":\"https:\\\/\\\/lamaisonbleue.ch\\\/#website\",\"url\":\"https:\\\/\\\/lamaisonbleue.ch\\\/\",\"name\":\"Lisa Pfister - Kunstatelier\",\"description\":\"\u00abMalt der Pinsel oder die Hand, die Vision oder der Mensch?\u00bb Kazuaki Tanahashi\",\"potentialAction\":[{\"@type\":\"SearchAction\",\"target\":{\"@type\":\"EntryPoint\",\"urlTemplate\":\"https:\\\/\\\/lamaisonbleue.ch\\\/?s={search_term_string}\"},\"query-input\":{\"@type\":\"PropertyValueSpecification\",\"valueRequired\":true,\"valueName\":\"search_term_string\"}}],\"inLanguage\":\"de\"}]}<\/script>\n<!-- \/ Yoast SEO plugin. -->","yoast_head_json":{"title":"Ausstellungen - Lisa Pfister - Kunstatelier","robots":{"index":"index","follow":"follow","max-snippet":"max-snippet:-1","max-image-preview":"max-image-preview:large","max-video-preview":"max-video-preview:-1"},"canonical":"https:\/\/lamaisonbleue.ch\/?page_id=341","og_locale":"de_DE","og_type":"article","og_title":"Ausstellungen - Lisa Pfister - Kunstatelier","og_description":"Lisa Pfister Riedo &#8211; Ausstellungen und Werke seit 1997 regelm\u00e4ssige Einzel- oder Gemeinsschaftsausstellungen Auswahl: 2025\u00a0 \u00a0Farbt\u00f6ne und Farbkl\u00e4nge &#8211; Teintes et tonalit\u00e9s chromatiques, Galerie Reto Furter, Freiburg 2024\u00a0 \u00a0Peintures, Trait noir, Fribourg 2023\u00a0 \u00a0Kunstausstellung, kellerpoche, Freiburg 2023\u00a0 \u00a0Kleine Farbkompositionen, Le Pavillon, HoferundHofer, Cudrefin 2021\u00a0\u00a0\u00a0 Senslerbiennale, Sensler Museum Tafers 2020\u00a0\u00a0\u00a0 Bilderbuch &#8222;Wo ist Bianca?&#8222; 2018\u00a0\u00a0\u00a0\u00a0 Collection &hellip; Mehr \u00fcber \"Ausstellungen\" Lesen","og_url":"https:\/\/lamaisonbleue.ch\/?page_id=341","og_site_name":"Lisa Pfister - Kunstatelier","article_modified_time":"2025-12-02T07:13:00+00:00","twitter_card":"summary_large_image","twitter_misc":{"Gesch\u00e4tzte Lesezeit":"1\u00a0Minute"},"schema":{"@context":"https:\/\/schema.org","@graph":[{"@type":"WebPage","@id":"https:\/\/lamaisonbleue.ch\/?page_id=341","url":"https:\/\/lamaisonbleue.ch\/?page_id=341","name":"Ausstellungen - Lisa Pfister - Kunstatelier","isPartOf":{"@id":"https:\/\/lamaisonbleue.ch\/#website"},"datePublished":"2021-03-06T09:18:42+00:00","dateModified":"2025-12-02T07:13:00+00:00","breadcrumb":{"@id":"https:\/\/lamaisonbleue.ch\/?page_id=341#breadcrumb"},"inLanguage":"de","potentialAction":[{"@type":"ReadAction","target":["https:\/\/lamaisonbleue.ch\/?page_id=341"]}]},{"@type":"BreadcrumbList","@id":"https:\/\/lamaisonbleue.ch\/?page_id=341#breadcrumb","itemListElement":[{"@type":"ListItem","position":1,"name":"Startseite","item":"https:\/\/lamaisonbleue.ch\/"},{"@type":"ListItem","position":2,"name":"Ausstellungen"}]},{"@type":"WebSite","@id":"https:\/\/lamaisonbleue.ch\/#website","url":"https:\/\/lamaisonbleue.ch\/","name":"Lisa Pfister - Kunstatelier","description":"\u00abMalt der Pinsel oder die Hand, die Vision oder der Mensch?\u00bb Kazuaki Tanahashi","potentialAction":[{"@type":"SearchAction","target":{"@type":"EntryPoint","urlTemplate":"https:\/\/lamaisonbleue.ch\/?s={search_term_string}"},"query-input":{"@type":"PropertyValueSpecification","valueRequired":true,"valueName":"search_term_string"}}],"inLanguage":"de"}]}},"jetpack_sharing_enabled":true,"featured_media_urls":[],"_links":{"self":[{"href":"https:\/\/lamaisonbleue.ch\/index.php?rest_route=\/wp\/v2\/pages\/341","targetHints":{"allow":["GET"]}}],"collection":[{"href":"https:\/\/lamaisonbleue.ch\/index.php?rest_route=\/wp\/v2\/pages"}],"about":[{"href":"https:\/\/lamaisonbleue.ch\/index.php?rest_route=\/wp\/v2\/types\/page"}],"author":[{"embeddable":true,"href":"https:\/\/lamaisonbleue.ch\/index.php?rest_route=\/wp\/v2\/users\/1"}],"replies":[{"embeddable":true,"href":"https:\/\/lamaisonbleue.ch\/index.php?rest_route=%2Fwp%2Fv2%2Fcomments&post=341"}],"version-history":[{"count":6,"href":"https:\/\/lamaisonbleue.ch\/index.php?rest_route=\/wp\/v2\/pages\/341\/revisions"}],"predecessor-version":[{"id":691,"href":"https:\/\/lamaisonbleue.ch\/index.php?rest_route=\/wp\/v2\/pages\/341\/revisions\/691"}],"wp:attachment":[{"href":"https:\/\/lamaisonbleue.ch\/index.php?rest_route=%2Fwp%2Fv2%2Fmedia&parent=341"}],"curies":[{"name":"wp","href":"https:\/\/api.w.org\/{rel}","templated":true}]}}