{"id":335,"date":"2021-03-06T08:49:55","date_gmt":"2021-03-06T08:49:55","guid":{"rendered":"https:\/\/lisapfister.ch\/?page_id=335"},"modified":"2025-12-02T07:14:37","modified_gmt":"2025-12-02T07:14:37","slug":"ueber-mich","status":"publish","type":"page","link":"https:\/\/lamaisonbleue.ch\/?page_id=335","title":{"rendered":"\u00dcber mich"},"content":{"rendered":"\t\t<div data-elementor-type=\"wp-page\" data-elementor-id=\"335\" class=\"elementor elementor-335\">\n\t\t\t\t\t\t<section class=\"elementor-section elementor-top-section elementor-element elementor-element-365e211d elementor-section-boxed elementor-section-height-default elementor-section-height-default\" data-id=\"365e211d\" data-element_type=\"section\" data-e-type=\"section\">\n\t\t\t\t\t\t<div class=\"elementor-container elementor-column-gap-default\">\n\t\t\t\t\t<div class=\"elementor-column elementor-col-100 elementor-top-column elementor-element elementor-element-78c8c66e\" data-id=\"78c8c66e\" data-element_type=\"column\" data-e-type=\"column\">\n\t\t\t<div class=\"elementor-widget-wrap elementor-element-populated\">\n\t\t\t\t\t\t<div class=\"elementor-element elementor-element-190ad386 elementor-widget elementor-widget-text-editor\" data-id=\"190ad386\" data-element_type=\"widget\" data-e-type=\"widget\" data-widget_type=\"text-editor.default\">\n\t\t\t\t<div class=\"elementor-widget-container\">\n\t\t\t\t\t\t\t\t\t<h3><img fetchpriority=\"high\" decoding=\"async\" class=\"alignnone size-medium wp-image-339\" src=\"https:\/\/lamaisonbleue.ch\/wp-content\/uploads\/2021\/03\/Lisa_Pfister_Riedo-scaled-1-300x225.jpg\" alt=\"\" width=\"300\" height=\"225\" srcset=\"https:\/\/lamaisonbleue.ch\/wp-content\/uploads\/2021\/03\/Lisa_Pfister_Riedo-scaled-1-300x225.jpg 300w, https:\/\/lamaisonbleue.ch\/wp-content\/uploads\/2021\/03\/Lisa_Pfister_Riedo-scaled-1-1024x768.jpg 1024w, https:\/\/lamaisonbleue.ch\/wp-content\/uploads\/2021\/03\/Lisa_Pfister_Riedo-scaled-1-768x576.jpg 768w, https:\/\/lamaisonbleue.ch\/wp-content\/uploads\/2021\/03\/Lisa_Pfister_Riedo-scaled-1-1536x1152.jpg 1536w, https:\/\/lamaisonbleue.ch\/wp-content\/uploads\/2021\/03\/Lisa_Pfister_Riedo-scaled-1-2048x1536.jpg 2048w, https:\/\/lamaisonbleue.ch\/wp-content\/uploads\/2021\/03\/Lisa_Pfister_Riedo-scaled-1-1568x1176.jpg 1568w, https:\/\/lamaisonbleue.ch\/wp-content\/uploads\/2021\/03\/Lisa_Pfister_Riedo-scaled-1-500x375.jpg 500w, https:\/\/lamaisonbleue.ch\/wp-content\/uploads\/2021\/03\/Lisa_Pfister_Riedo-scaled-1-800x600.jpg 800w, https:\/\/lamaisonbleue.ch\/wp-content\/uploads\/2021\/03\/Lisa_Pfister_Riedo-scaled-1-1280x960.jpg 1280w, https:\/\/lamaisonbleue.ch\/wp-content\/uploads\/2021\/03\/Lisa_Pfister_Riedo-scaled-1-1920x1440.jpg 1920w\" sizes=\"(max-width: 300px) 100vw, 300px\" \/><\/h3><h4>Lisa Pfister Riedo<\/h4><p>K\u00fcnstlerin, Astrologin, Kinderg\u00e4rtnerin<br \/>Mutter von zwei Kindern<\/p><p>Viele Jahre habe ich immer in meinem Atelier Bilder gemalt. Lange habe ich auch als Kinderg\u00e4rtnerin gearbeitet. Doch diese Arbeit habe ich nun aufgegeben, um mich ganz der Kunst und der Astrologie zu widmen.<\/p><p>Seit 1990 bilde ich mich in Kursen an der Schule f\u00fcr Gestaltung Bern und Basel weiter. 2006-2008 habe ich den Kunstkurs bei Wojtek Klakla besucht und aktuell bin ich im Kurs von Ivo Vonlanthen zum regelm\u00e4ssigen k\u00fcnstlerischen Dialog.<\/p><p>Meine Bilder zeige ich regelm\u00e4ssig in <em><a href=\"https:\/\/lamaisonbleue.ch\/?page_id=341\">Ausstellungen<\/a> (Auswahl).<\/em><\/p><p>Seit 2016 arbeite ich auch als astrologisch-psychologische Beraterin. An dieser Arbeit fasziniert mich die Begegnung und das vertiefte Gespr\u00e4ch mit den Menschen. Jeder Mensch ist einzigartig und hat seinen ganz individuellen Lebensweg. Es ist sch\u00f6n, mit Hilfe des Horoskops Menschen zu beraten und Fragen zu kl\u00e4ren, die sie besch\u00e4ftigen.<\/p><h3><strong>Kontakt<\/strong><\/h3><p>Kontaktieren Sie mich gerne via E-mail:\u00a0 <a href=\"mailto:lisa.pfister@me.com\">lisa.pfister@me.com<\/a><\/p><div>\u00a0<\/div>\t\t\t\t\t\t\t\t<\/div>\n\t\t\t\t<\/div>\n\t\t\t\t\t<\/div>\n\t\t<\/div>\n\t\t\t\t\t<\/div>\n\t\t<\/section>\n\t\t\t\t<\/div>\n\t\t","protected":false},"excerpt":{"rendered":"<p>Lisa Pfister Riedo K\u00fcnstlerin, Astrologin, Kinderg\u00e4rtnerinMutter von zwei Kindern Viele Jahre habe ich immer in meinem Atelier Bilder gemalt. Lange habe ich auch als Kinderg\u00e4rtnerin gearbeitet. Doch diese Arbeit habe ich nun aufgegeben, um mich ganz der Kunst und der Astrologie zu widmen. Seit 1990 bilde ich mich in Kursen an der Schule f\u00fcr Gestaltung &hellip; <\/p>\n<p class=\"link-more\"><a href=\"https:\/\/lamaisonbleue.ch\/?page_id=335\" class=\"more-link\">Mehr <span class=\"screen-reader-text\">\u00fcber &#8222;\u00dcber mich&#8220; <\/span>Lesen<\/a><\/p>\n","protected":false},"author":1,"featured_media":0,"parent":0,"menu_order":0,"comment_status":"closed","ping_status":"closed","template":"","meta":{"inspiro_hide_title":false,"footnotes":""},"class_list":["post-335","page","type-page","status-publish","hentry"],"yoast_head":"<!-- This site is optimized with the Yoast SEO plugin v27.3 - https:\/\/yoast.com\/product\/yoast-seo-wordpress\/ -->\n<title>\u00dcber mich - Lisa Pfister - Kunstatelier<\/title>\n<meta name=\"description\" content=\"Lisa Pfister Riedo, K\u00fcnstlerin und Astrologin\" \/>\n<meta name=\"robots\" content=\"index, follow, max-snippet:-1, max-image-preview:large, max-video-preview:-1\" \/>\n<link rel=\"canonical\" href=\"https:\/\/lamaisonbleue.ch\/?page_id=335\" \/>\n<meta property=\"og:locale\" content=\"de_DE\" \/>\n<meta property=\"og:type\" content=\"article\" \/>\n<meta property=\"og:title\" content=\"\u00dcber mich - Lisa Pfister - Kunstatelier\" \/>\n<meta property=\"og:description\" content=\"Lisa Pfister Riedo, K\u00fcnstlerin und Astrologin\" \/>\n<meta property=\"og:url\" content=\"https:\/\/lamaisonbleue.ch\/?page_id=335\" \/>\n<meta property=\"og:site_name\" content=\"Lisa Pfister - Kunstatelier\" \/>\n<meta property=\"article:modified_time\" content=\"2025-12-02T07:14:37+00:00\" \/>\n<meta property=\"og:image\" content=\"https:\/\/lamaisonbleue.ch\/wp-content\/uploads\/2021\/03\/Lisa_Pfister_Riedo-scaled-1.jpg\" \/>\n\t<meta property=\"og:image:width\" content=\"2560\" \/>\n\t<meta property=\"og:image:height\" content=\"1920\" \/>\n\t<meta property=\"og:image:type\" content=\"image\/jpeg\" \/>\n<meta name=\"twitter:card\" content=\"summary_large_image\" \/>\n<meta name=\"twitter:label1\" content=\"Gesch\u00e4tzte Lesezeit\" \/>\n\t<meta name=\"twitter:data1\" content=\"2\u00a0Minuten\" \/>\n<script type=\"application\/ld+json\" class=\"yoast-schema-graph\">{\"@context\":\"https:\\\/\\\/schema.org\",\"@graph\":[{\"@type\":\"WebPage\",\"@id\":\"https:\\\/\\\/lamaisonbleue.ch\\\/?page_id=335\",\"url\":\"https:\\\/\\\/lamaisonbleue.ch\\\/?page_id=335\",\"name\":\"\u00dcber mich - Lisa Pfister - Kunstatelier\",\"isPartOf\":{\"@id\":\"https:\\\/\\\/lamaisonbleue.ch\\\/#website\"},\"primaryImageOfPage\":{\"@id\":\"https:\\\/\\\/lamaisonbleue.ch\\\/?page_id=335#primaryimage\"},\"image\":{\"@id\":\"https:\\\/\\\/lamaisonbleue.ch\\\/?page_id=335#primaryimage\"},\"thumbnailUrl\":\"https:\\\/\\\/lamaisonbleue.ch\\\/wp-content\\\/uploads\\\/2021\\\/03\\\/Lisa_Pfister_Riedo-scaled-1-300x225.jpg\",\"datePublished\":\"2021-03-06T08:49:55+00:00\",\"dateModified\":\"2025-12-02T07:14:37+00:00\",\"description\":\"Lisa Pfister Riedo, K\u00fcnstlerin und Astrologin\",\"breadcrumb\":{\"@id\":\"https:\\\/\\\/lamaisonbleue.ch\\\/?page_id=335#breadcrumb\"},\"inLanguage\":\"de\",\"potentialAction\":[{\"@type\":\"ReadAction\",\"target\":[\"https:\\\/\\\/lamaisonbleue.ch\\\/?page_id=335\"]}]},{\"@type\":\"ImageObject\",\"inLanguage\":\"de\",\"@id\":\"https:\\\/\\\/lamaisonbleue.ch\\\/?page_id=335#primaryimage\",\"url\":\"https:\\\/\\\/lamaisonbleue.ch\\\/wp-content\\\/uploads\\\/2021\\\/03\\\/Lisa_Pfister_Riedo-scaled-1.jpg\",\"contentUrl\":\"https:\\\/\\\/lamaisonbleue.ch\\\/wp-content\\\/uploads\\\/2021\\\/03\\\/Lisa_Pfister_Riedo-scaled-1.jpg\",\"width\":2560,\"height\":1920},{\"@type\":\"BreadcrumbList\",\"@id\":\"https:\\\/\\\/lamaisonbleue.ch\\\/?page_id=335#breadcrumb\",\"itemListElement\":[{\"@type\":\"ListItem\",\"position\":1,\"name\":\"Startseite\",\"item\":\"https:\\\/\\\/lamaisonbleue.ch\\\/\"},{\"@type\":\"ListItem\",\"position\":2,\"name\":\"\u00dcber mich\"}]},{\"@type\":\"WebSite\",\"@id\":\"https:\\\/\\\/lamaisonbleue.ch\\\/#website\",\"url\":\"https:\\\/\\\/lamaisonbleue.ch\\\/\",\"name\":\"Lisa Pfister - Kunstatelier\",\"description\":\"\u00abMalt der Pinsel oder die Hand, die Vision oder der Mensch?\u00bb Kazuaki Tanahashi\",\"potentialAction\":[{\"@type\":\"SearchAction\",\"target\":{\"@type\":\"EntryPoint\",\"urlTemplate\":\"https:\\\/\\\/lamaisonbleue.ch\\\/?s={search_term_string}\"},\"query-input\":{\"@type\":\"PropertyValueSpecification\",\"valueRequired\":true,\"valueName\":\"search_term_string\"}}],\"inLanguage\":\"de\"}]}<\/script>\n<!-- \/ Yoast SEO plugin. -->","yoast_head_json":{"title":"\u00dcber mich - Lisa Pfister - Kunstatelier","description":"Lisa Pfister Riedo, K\u00fcnstlerin und Astrologin","robots":{"index":"index","follow":"follow","max-snippet":"max-snippet:-1","max-image-preview":"max-image-preview:large","max-video-preview":"max-video-preview:-1"},"canonical":"https:\/\/lamaisonbleue.ch\/?page_id=335","og_locale":"de_DE","og_type":"article","og_title":"\u00dcber mich - Lisa Pfister - Kunstatelier","og_description":"Lisa Pfister Riedo, K\u00fcnstlerin und Astrologin","og_url":"https:\/\/lamaisonbleue.ch\/?page_id=335","og_site_name":"Lisa Pfister - Kunstatelier","article_modified_time":"2025-12-02T07:14:37+00:00","og_image":[{"width":2560,"height":1920,"url":"https:\/\/lamaisonbleue.ch\/wp-content\/uploads\/2021\/03\/Lisa_Pfister_Riedo-scaled-1.jpg","type":"image\/jpeg"}],"twitter_card":"summary_large_image","twitter_misc":{"Gesch\u00e4tzte Lesezeit":"2\u00a0Minuten"},"schema":{"@context":"https:\/\/schema.org","@graph":[{"@type":"WebPage","@id":"https:\/\/lamaisonbleue.ch\/?page_id=335","url":"https:\/\/lamaisonbleue.ch\/?page_id=335","name":"\u00dcber mich - Lisa Pfister - Kunstatelier","isPartOf":{"@id":"https:\/\/lamaisonbleue.ch\/#website"},"primaryImageOfPage":{"@id":"https:\/\/lamaisonbleue.ch\/?page_id=335#primaryimage"},"image":{"@id":"https:\/\/lamaisonbleue.ch\/?page_id=335#primaryimage"},"thumbnailUrl":"https:\/\/lamaisonbleue.ch\/wp-content\/uploads\/2021\/03\/Lisa_Pfister_Riedo-scaled-1-300x225.jpg","datePublished":"2021-03-06T08:49:55+00:00","dateModified":"2025-12-02T07:14:37+00:00","description":"Lisa Pfister Riedo, K\u00fcnstlerin und Astrologin","breadcrumb":{"@id":"https:\/\/lamaisonbleue.ch\/?page_id=335#breadcrumb"},"inLanguage":"de","potentialAction":[{"@type":"ReadAction","target":["https:\/\/lamaisonbleue.ch\/?page_id=335"]}]},{"@type":"ImageObject","inLanguage":"de","@id":"https:\/\/lamaisonbleue.ch\/?page_id=335#primaryimage","url":"https:\/\/lamaisonbleue.ch\/wp-content\/uploads\/2021\/03\/Lisa_Pfister_Riedo-scaled-1.jpg","contentUrl":"https:\/\/lamaisonbleue.ch\/wp-content\/uploads\/2021\/03\/Lisa_Pfister_Riedo-scaled-1.jpg","width":2560,"height":1920},{"@type":"BreadcrumbList","@id":"https:\/\/lamaisonbleue.ch\/?page_id=335#breadcrumb","itemListElement":[{"@type":"ListItem","position":1,"name":"Startseite","item":"https:\/\/lamaisonbleue.ch\/"},{"@type":"ListItem","position":2,"name":"\u00dcber mich"}]},{"@type":"WebSite","@id":"https:\/\/lamaisonbleue.ch\/#website","url":"https:\/\/lamaisonbleue.ch\/","name":"Lisa Pfister - Kunstatelier","description":"\u00abMalt der Pinsel oder die Hand, die Vision oder der Mensch?\u00bb Kazuaki Tanahashi","potentialAction":[{"@type":"SearchAction","target":{"@type":"EntryPoint","urlTemplate":"https:\/\/lamaisonbleue.ch\/?s={search_term_string}"},"query-input":{"@type":"PropertyValueSpecification","valueRequired":true,"valueName":"search_term_string"}}],"inLanguage":"de"}]}},"jetpack_sharing_enabled":true,"featured_media_urls":[],"_links":{"self":[{"href":"https:\/\/lamaisonbleue.ch\/index.php?rest_route=\/wp\/v2\/pages\/335","targetHints":{"allow":["GET"]}}],"collection":[{"href":"https:\/\/lamaisonbleue.ch\/index.php?rest_route=\/wp\/v2\/pages"}],"about":[{"href":"https:\/\/lamaisonbleue.ch\/index.php?rest_route=\/wp\/v2\/types\/page"}],"author":[{"embeddable":true,"href":"https:\/\/lamaisonbleue.ch\/index.php?rest_route=\/wp\/v2\/users\/1"}],"replies":[{"embeddable":true,"href":"https:\/\/lamaisonbleue.ch\/index.php?rest_route=%2Fwp%2Fv2%2Fcomments&post=335"}],"version-history":[{"count":16,"href":"https:\/\/lamaisonbleue.ch\/index.php?rest_route=\/wp\/v2\/pages\/335\/revisions"}],"predecessor-version":[{"id":697,"href":"https:\/\/lamaisonbleue.ch\/index.php?rest_route=\/wp\/v2\/pages\/335\/revisions\/697"}],"wp:attachment":[{"href":"https:\/\/lamaisonbleue.ch\/index.php?rest_route=%2Fwp%2Fv2%2Fmedia&parent=335"}],"curies":[{"name":"wp","href":"https:\/\/api.w.org\/{rel}","templated":true}]}}